{"id":1140,"date":"2025-08-29T16:26:07","date_gmt":"2025-08-29T13:26:07","guid":{"rendered":"https:\/\/fantas.keyboart.lt\/d-u-k\/"},"modified":"2025-09-25T09:58:16","modified_gmt":"2025-09-25T06:58:16","slug":"faq","status":"publish","type":"page","link":"https:\/\/fantas.keyboart.lt\/en\/faq\/","title":{"rendered":"FAQ"},"content":{"rendered":"<section class=\"l-section wpb_row height_auto\"><div class=\"l-section-h i-cf\"><div class=\"g-cols vc_row via_grid cols_1 laptops-cols_inherit tablets-cols_inherit mobiles-cols_1 valign_top type_default stacking_default\"><div class=\"wpb_column vc_column_container\"><div class=\"vc_column-inner\"><div class=\"w-separator size_custom\" style=\"height:0rem\"><\/div><\/div><\/div><\/div><\/div><\/section><section class=\"l-section wpb_row us_custom_e1bafbbf height_medium\" id=\"duk\"><div class=\"l-section-h i-cf\"><div class=\"g-cols vc_row via_grid cols_1-2 laptops-cols_inherit tablets-cols_inherit mobiles-cols_1 valign_top type_default reversed stacking_default\"><div class=\"wpb_column vc_column_container us_custom_902f5d5f us_animate_this\"><div class=\"vc_column-inner\"><div class=\"w-separator size_custom\" style=\"height:0rem\" id=\"pdcc\"><style>@media(max-width:1024px){ #pdcc{height:2rem!important}}@media(max-width:600px){ #pdcc{height:2rem!important}}<\/style><\/div><div class=\"w-image us_custom_49dc4fad hide_on_tablets hide_on_mobiles has_ratio align_none\"><div class=\"w-image-h\"><div style=\"padding-bottom:175%\"><\/div><img decoding=\"async\" width=\"1440\" height=\"1920\" src=\"https:\/\/fantas.keyboart.lt\/wp-content\/uploads\/IMG_1501-e1757058618308.jpg\" class=\"attachment-full size-full\" alt=\"Kokybi\u0161kas automobili\u0173 interjero, bald\u0173 ir kit\u0173 siuvimo darb\u0173 paslaugos Kaune\" loading=\"lazy\" \/><\/div><\/div><div class=\"w-image us_custom_49dc4fad hide_on_default hide_on_laptops has_ratio align_none\"><div class=\"w-image-h\"><div style=\"padding-bottom:100%\"><\/div><img decoding=\"async\" width=\"1440\" height=\"1920\" src=\"https:\/\/fantas.keyboart.lt\/wp-content\/uploads\/IMG_1501-e1757058618308.jpg\" class=\"attachment-full size-full\" alt=\"Kokybi\u0161kas automobili\u0173 interjero, bald\u0173 ir kit\u0173 siuvimo darb\u0173 paslaugos Kaune\" loading=\"lazy\" \/><\/div><\/div><\/div><\/div><div class=\"wpb_column vc_column_container us_custom_d02e6129 us_animate_this\"><div class=\"vc_column-inner\"><div class=\"w-separator size_custom\" style=\"height:3rem\" id=\"w488\"><style>@media(max-width:1024px){ #w488{height:0rem!important}}@media(max-width:600px){ #w488{height:0rem!important}}<\/style><\/div><div class=\"wpb_text_column us_custom_d98eb4eb\"><div class=\"wpb_wrapper\"><h3>Frequently<br \/>\nAsked Questions<\/h3>\n<\/div><\/div><div class=\"w-separator size_custom\" style=\"height:2.5rem\"><\/div><div class=\"w-tabs style_default switch_click accordion\" style=\"--sections-title-size:inherit\"><div class=\"w-tabs-sections titles-align_none icon_chevron cpos_right\"><div class=\"w-tabs-section\" id=\"rcc8\"><button class=\"w-tabs-section-header\" aria-controls=\"content-rcc8\" aria-expanded=\"false\"><div class=\"w-tabs-section-title\">What is the price for car seat repair?<\/div><div class=\"w-tabs-section-control\"><\/div><\/button><div  class=\"w-tabs-section-content\" id=\"content-rcc8\"><div class=\"w-tabs-section-content-h i-cf\"><div class=\"wpb_text_column\"><div class=\"wpb_wrapper\"><p>We can provide an exact price only after inspecting the item and its defects. Please fill out the <a href=\"\/en\/#uzklausos-forma\">uinquiry form<\/a> or contact us by email: fantas@fantas.lt<\/p>\n<\/div><\/div><\/div><\/div><\/div><div class=\"w-tabs-section\" id=\"kdbc\"><button class=\"w-tabs-section-header\" aria-controls=\"content-kdbc\" aria-expanded=\"false\"><div class=\"w-tabs-section-title\">How long does the repair take?<\/div><div class=\"w-tabs-section-control\"><\/div><\/button><div  class=\"w-tabs-section-content\" id=\"content-kdbc\"><div class=\"w-tabs-section-content-h i-cf\"><div class=\"wpb_text_column\"><div class=\"wpb_wrapper\"><p>The duration depends on the scope and complexity of the work. Minor repairs are usually completed within 1\u20132 working days, while more complex projects may take longer \u2014 we always inform you in advance about the expected timeframe.<\/p>\n<\/div><\/div><\/div><\/div><\/div><div class=\"w-tabs-section\" id=\"geef\"><button class=\"w-tabs-section-header\" aria-controls=\"content-geef\" aria-expanded=\"false\"><div class=\"w-tabs-section-title\">Can I leave my car during the repair period?<\/div><div class=\"w-tabs-section-control\"><\/div><\/button><div  class=\"w-tabs-section-content\" id=\"content-geef\"><div class=\"w-tabs-section-content-h i-cf\"><div class=\"wpb_text_column\"><div class=\"wpb_wrapper\"><p>Yes, but it depends on the scope of work:<\/p>\n<ul>\n<li>For minor repairs, the car is brought in the morning and picked up after lunch.<\/li>\n<li>For larger projects, the car is kept only once the work has already started.<\/li>\n<li>In many cases, parts (e.g., seats or panels that don\u2019t require fitting) are delivered in advance for restoration, and the car delivery time is arranged individually.<\/li>\n<\/ul>\n<\/div><\/div><\/div><\/div><\/div><div class=\"w-tabs-section\" id=\"f017\"><button class=\"w-tabs-section-header\" aria-controls=\"content-f017\" aria-expanded=\"false\"><div class=\"w-tabs-section-title\">Is advance payment required?<\/div><div class=\"w-tabs-section-control\"><\/div><\/button><div  class=\"w-tabs-section-content\" id=\"content-f017\"><div class=\"w-tabs-section-content-h i-cf\"><div class=\"wpb_text_column\"><div class=\"wpb_wrapper\"><p>Yes, advance payment is applied in cases when:<\/p>\n<ul>\n<li>We do not have the required material or leather in stock.<\/li>\n<li>For larger projects that require significant expenses.<\/li>\n<li>For new clients using our services for the first time \u2014 completed work is handed over only after full payment.<\/li>\n<\/ul>\n<\/div><\/div><\/div><\/div><\/div><div class=\"w-tabs-section\" id=\"y103\"><button class=\"w-tabs-section-header\" aria-controls=\"content-y103\" aria-expanded=\"false\"><div class=\"w-tabs-section-title\">Can I bring my own material?<\/div><div class=\"w-tabs-section-control\"><\/div><\/button><div  class=\"w-tabs-section-content\" id=\"content-y103\"><div class=\"w-tabs-section-content-h i-cf\"><div class=\"wpb_text_column\"><div class=\"wpb_wrapper\"><p>Yes, but it must first be approved by our specialists to ensure it is suitable for use and meets quality requirements.<\/p>\n<\/div><\/div><\/div><\/div><\/div><div class=\"w-tabs-section\" id=\"j1ce\"><button class=\"w-tabs-section-header\" aria-controls=\"content-j1ce\" aria-expanded=\"false\"><div class=\"w-tabs-section-title\">Do you only restore classic cars?<\/div><div class=\"w-tabs-section-control\"><\/div><\/button><div  class=\"w-tabs-section-content\" id=\"content-j1ce\"><div class=\"w-tabs-section-content-h i-cf\"><div class=\"wpb_text_column\"><div class=\"wpb_wrapper\"><p>No \u2013 we work with both classic and modern cars. We adapt to various designs and technologies, which allows us to provide solutions for any interior.<\/p>\n<\/div><\/div><\/div><\/div><\/div><\/div><\/div><div class=\"wpb_text_column decorated-link\"><div class=\"wpb_wrapper\"><p>Didn\u2019t find the answer? <a href=\"\/en\/contacts\/\">Contact us<\/a><\/p>\n<\/div><\/div><\/div><\/div><\/div><\/div><\/section>\n<section class=\"l-section wpb_row us_custom_85abf47a height_medium width_custom\" style=\"--site-content-width:800px;\" id=\"uzklausos-forma\"><div class=\"l-section-h i-cf\"><div class=\"g-cols vc_row via_grid cols_1 laptops-cols_inherit tablets-cols_inherit mobiles-cols_1 valign_top type_default stacking_default\"><div class=\"wpb_column vc_column_container\"><div class=\"vc_column-inner\"><h3 class=\"w-text\"><span class=\"w-text-h\"><span class=\"w-text-value\">Inquiry form<\/span><\/span><\/h3><div class=\"w-separator size_custom\" style=\"height:2rem\" id=\"wef5\"><style>@media(max-width:1024px){ #wef5{height:1.5rem!important}}@media(max-width:600px){ #wef5{height:1.5rem!important}}<\/style><\/div><div class=\"w-html\"><div class=\"forminator-ui forminator-custom-form forminator-custom-form-1686 forminator-design--basic  forminator_ajax\" data-forminator-render=\"0\" data-form=\"forminator-module-1686\" data-uid=\"69ea03a7cdf9b\"><br\/><\/div><form\n\t\t\t\tid=\"forminator-module-1686\"\n\t\t\t\tclass=\"forminator-ui forminator-custom-form forminator-custom-form-1686 forminator-design--basic  forminator_ajax\"\n\t\t\t\tmethod=\"post\"\n\t\t\t\tdata-forminator-render=\"0\"\n\t\t\t\tdata-form-id=\"1686\"\n\t\t\t\tenctype=\"multipart\/form-data\" data-color-option=\"theme\" data-design=\"basic\" data-grid=\"open\" style=\"display: none;\"\n\t\t\t\tdata-uid=\"69ea03a7cdf9b\"\n\t\t\t><div role=\"alert\" aria-live=\"polite\" class=\"forminator-response-message forminator-error\" aria-hidden=\"true\"><\/div><div class=\"forminator-row\"><div id=\"name-1\" class=\"forminator-field-name forminator-col forminator-col-12 \"><div class=\"forminator-row forminator-no-margin\" data-multiple=\"true\"><div class=\"forminator-col forminator-col-md-6\"><div class=\"forminator-field\"><label for=\"forminator-field-first-name-1_69ea03a7cdf9b\" id=\"forminator-field-first-name-1_69ea03a7cdf9b-label\" class=\"forminator-label\">First name<\/label><input type=\"text\" name=\"name-1-first-name\" placeholder=\"Enter your first name\" id=\"forminator-field-first-name-1_69ea03a7cdf9b\" class=\"forminator-input\" aria-required=\"false\" data-multi=\"1\" autocomplete=\"given-name\" value=\"\" \/><\/div><\/div><div class=\"forminator-col forminator-col-md-6\"><div class=\"forminator-field\"><label for=\"forminator-field-last-name-1_69ea03a7cdf9b\" id=\"forminator-field-last-name-1_69ea03a7cdf9b-label\" class=\"forminator-label\">Last name<\/label><input type=\"text\" name=\"name-1-last-name\" placeholder=\"Enter your last name\" id=\"forminator-field-last-name-1_69ea03a7cdf9b\" class=\"forminator-input\" aria-required=\"false\" data-multi=\"1\" autocomplete=\"family-name\" value=\"\" \/><\/div><\/div><\/div><\/div><\/div><div class=\"forminator-row\"><div id=\"phone-1\" class=\"forminator-field-phone forminator-col forminator-col-12 \"><div class=\"forminator-field\"><label for=\"forminator-field-phone-1_69ea03a7cdf9b\" id=\"forminator-field-phone-1_69ea03a7cdf9b-label\" class=\"forminator-label\">Phone number<\/label><input type=\"text\" name=\"phone-1\" value=\"\" placeholder=\"e.g., +370 600 00000\" id=\"forminator-field-phone-1_69ea03a7cdf9b\" class=\"forminator-input forminator-field--phone\" data-required=\"\" aria-required=\"false\" autocomplete=\"off\" \/><\/div><\/div><\/div><div class=\"forminator-row\"><div id=\"email-1\" class=\"forminator-field-email forminator-col forminator-col-12 \"><div class=\"forminator-field\"><label for=\"forminator-field-email-1_69ea03a7cdf9b\" id=\"forminator-field-email-1_69ea03a7cdf9b-label\" class=\"forminator-label\">Email <span class=\"forminator-required\">*<\/span><\/label><input type=\"email\" name=\"email-1\" value=\"\" placeholder=\"Email address for response\" id=\"forminator-field-email-1_69ea03a7cdf9b\" class=\"forminator-input forminator-email--field\" data-required=\"true\" aria-required=\"true\" autocomplete=\"email\" \/><\/div><\/div><\/div><div class=\"forminator-row\"><div id=\"select-1\" class=\"forminator-field-select forminator-col forminator-col-12 \"><div class=\"forminator-field\"><label for=\"forminator-form-1686__field--select-1_69ea03a7cdf9b\" id=\"forminator-form-1686__field--select-1_69ea03a7cdf9b-label\" class=\"forminator-label\">Service type<\/label><select  id=\"forminator-form-1686__field--select-1_69ea03a7cdf9b\" class=\"forminator-select--field forminator-select2 forminator-select2-multiple\" data-required=\"\" name=\"select-1\" data-default-value=\"\" data-hidden-behavior=\"zero\" data-placeholder=\"Select the appropriate category\" data-search=\"false\" data-search-placeholder=\"Select the appropriate category\" data-checkbox=\"false\" data-allow-clear=\"false\" aria-labelledby=\"forminator-form-1686__field--select-1_69ea03a7cdf9b-label\"><option value=\"\"  >Select the appropriate category<\/option><option value=\"one\"  data-calculation=\"0\">Cars<\/option><option value=\"two\"  data-calculation=\"0\">Motorcycles<\/option><option value=\"Vandens-transportas\"  data-calculation=\"0\">Water transport<\/option><option value=\"Baldai\"  data-calculation=\"0\">Furniture<\/option><option value=\"Automatin\u0117s-stakl\u0117s\"  data-calculation=\"0\">Sewing, embroidery &amp; perforation equipment<\/option><option value=\"Galanterija\"  data-calculation=\"0\">Shoe &amp; accessory repair<\/option><\/select><\/div><\/div><\/div><div class=\"forminator-row\"><div id=\"textarea-1\" class=\"forminator-field-textarea forminator-col forminator-col-12 \"><div class=\"forminator-field\"><label for=\"forminator-field-textarea-1_69ea03a7cdf9b\" id=\"forminator-field-textarea-1_69ea03a7cdf9b-label\" class=\"forminator-label\">Specific object or requirement<\/label><textarea name=\"textarea-1\" placeholder=\"Briefly describe what you want to restore or create\" id=\"forminator-field-textarea-1_69ea03a7cdf9b\" class=\"forminator-textarea\" rows=\"6\" style=\"min-height:100px;\" ><\/textarea><\/div><\/div><\/div><div class=\"forminator-row\"><div id=\"textarea-2\" class=\"forminator-field-textarea forminator-col forminator-col-12 \"><div class=\"forminator-field\"><label for=\"forminator-field-textarea-2_69ea03a7cdf9b\" id=\"forminator-field-textarea-2_69ea03a7cdf9b-label\" class=\"forminator-label\">Short description<\/label><textarea name=\"textarea-2\" placeholder=\"Describe the problem, needs, or requirements\" id=\"forminator-field-textarea-2_69ea03a7cdf9b\" class=\"forminator-textarea\" rows=\"6\" style=\"min-height:100px;\" ><\/textarea><\/div><\/div><\/div><div class=\"forminator-row\"><div id=\"upload-1\" class=\"forminator-field-upload forminator-col forminator-col-12 \"><div class=\"forminator-field\"><label for=\"forminator-field-upload-1_69ea03a7cdf9b\" id=\"forminator-field-upload-1_69ea03a7cdf9b-label\" class=\"forminator-label\">Attach photos (if available)<\/label><div class=\"forminator-multi-upload \" data-element=\"upload-1_69ea03a7cdf9b\"><input type=\"file\" name=\"upload-1[]\" id=\"forminator-field-upload-1_69ea03a7cdf9b\" class=\"forminator-input-file forminator-field-upload-1_69ea03a7cdf9b-1686\" multiple=\"multiple\" data-method=\"ajax\" data-size=\"8000000\" data-size-message=\"Maximum file size allowed is 8 MB. \"><div class=\"forminator-multi-upload-message\" aria-hidden=\"true\"><span class=\"forminator-icon-upload\" aria-hidden=\"true\"><\/span><p>Drag and Drop (or) <a class=\"forminator-upload-file--forminator-field-upload-1_69ea03a7cdf9b\" href=\"#\" onclick=\"return false;\">Choose Files<\/a><\/p><\/div><\/div><ul class=\"forminator-uploaded-files upload-container-upload-1_69ea03a7cdf9b\"><\/ul><\/div><\/div><\/div><input type=\"hidden\" name=\"referer_url\" value=\"\" \/><div class=\"forminator-row forminator-row-last\"><div class=\"forminator-col\"><div class=\"forminator-field\"><button class=\"forminator-button forminator-button-submit us-btn-style_1\">Send<\/button><\/div><\/div><\/div><input type=\"hidden\" id=\"forminator_nonce\" name=\"forminator_nonce\" value=\"cc2f3f63de\" \/><input type=\"hidden\" name=\"_wp_http_referer\" value=\"\/en\/wp-json\/wp\/v2\/pages\/1140\" \/><input type=\"hidden\" name=\"form_id\" value=\"1686\"><input type=\"hidden\" name=\"page_id\" value=\"1140\"><input type=\"hidden\" name=\"form_type\" value=\"default\"><input type=\"hidden\" name=\"current_url\" value=\"https:\/\/fantas.keyboart.lt\/en\/faq\/\"><input type=\"hidden\" name=\"render_id\" value=\"0\"><input type=\"hidden\" name=\"forminator-multifile-hidden\" class=\"forminator-multifile-hidden\"><input type=\"hidden\" name=\"action\" value=\"forminator_submit_form_custom-forms\"><\/form><\/div><\/div><\/div><\/div><\/div><\/section>\n\n","protected":false},"excerpt":{"rendered":"Frequently Asked Questions What is the price for car seat repair?We can provide an exact price only after inspecting the item and its defects. Please fill out the uinquiry form or contact us by email: fantas@fantas.lt How long does the repair take?The duration depends on the scope and complexity of the work. Minor repairs are...","protected":false},"author":1,"featured_media":0,"parent":0,"menu_order":0,"comment_status":"closed","ping_status":"closed","template":"","meta":{"_acf_changed":false,"footnotes":""},"class_list":["post-1140","page","type-page","status-publish","hentry"],"acf":[],"yoast_head":"<!-- This site is optimized with the Yoast SEO plugin v27.2 - https:\/\/yoast.com\/product\/yoast-seo-wordpress\/ -->\n<title>FAQ - Fantas<\/title>\n<meta name=\"robots\" content=\"noindex, follow, max-snippet:-1, max-image-preview:large, max-video-preview:-1\" \/>\n<meta property=\"og:locale\" content=\"en_US\" \/>\n<meta property=\"og:type\" content=\"article\" \/>\n<meta property=\"og:title\" content=\"FAQ - Fantas\" \/>\n<meta property=\"og:url\" content=\"https:\/\/fantas.keyboart.lt\/en\/faq\/\" \/>\n<meta property=\"og:site_name\" content=\"Fantas\" \/>\n<meta property=\"article:modified_time\" content=\"2025-09-25T06:58:16+00:00\" \/>\n<meta name=\"twitter:card\" content=\"summary_large_image\" \/>\n<script type=\"application\/ld+json\" class=\"yoast-schema-graph\">{\"@context\":\"https:\/\/schema.org\",\"@graph\":[{\"@type\":\"WebPage\",\"@id\":\"https:\/\/fantas.keyboart.lt\/en\/faq\/\",\"url\":\"https:\/\/fantas.keyboart.lt\/en\/faq\/\",\"name\":\"FAQ - Fantas\",\"isPartOf\":{\"@id\":\"https:\/\/fantas.keyboart.lt\/en\/#website\"},\"datePublished\":\"2025-08-29T13:26:07+00:00\",\"dateModified\":\"2025-09-25T06:58:16+00:00\",\"breadcrumb\":{\"@id\":\"https:\/\/fantas.keyboart.lt\/en\/faq\/#breadcrumb\"},\"inLanguage\":\"en-US\",\"potentialAction\":[{\"@type\":\"ReadAction\",\"target\":[\"https:\/\/fantas.keyboart.lt\/en\/faq\/\"]}]},{\"@type\":\"BreadcrumbList\",\"@id\":\"https:\/\/fantas.keyboart.lt\/en\/faq\/#breadcrumb\",\"itemListElement\":[{\"@type\":\"ListItem\",\"position\":1,\"name\":\"Home\",\"item\":\"https:\/\/fantas.keyboart.lt\/en\/\"},{\"@type\":\"ListItem\",\"position\":2,\"name\":\"FAQ\"}]},{\"@type\":\"WebSite\",\"@id\":\"https:\/\/fantas.keyboart.lt\/en\/#website\",\"url\":\"https:\/\/fantas.keyboart.lt\/en\/\",\"name\":\"Fantas\",\"description\":\"Restauruojame automobili\u0173 salon\u0105\",\"potentialAction\":[{\"@type\":\"SearchAction\",\"target\":{\"@type\":\"EntryPoint\",\"urlTemplate\":\"https:\/\/fantas.keyboart.lt\/en\/?s={search_term_string}\"},\"query-input\":{\"@type\":\"PropertyValueSpecification\",\"valueRequired\":true,\"valueName\":\"search_term_string\"}}],\"inLanguage\":\"en-US\"}]}<\/script>\n<!-- \/ Yoast SEO plugin. -->","yoast_head_json":{"title":"FAQ - Fantas","robots":{"index":"noindex","follow":"follow","max-snippet":"max-snippet:-1","max-image-preview":"max-image-preview:large","max-video-preview":"max-video-preview:-1"},"og_locale":"en_US","og_type":"article","og_title":"FAQ - Fantas","og_url":"https:\/\/fantas.keyboart.lt\/en\/faq\/","og_site_name":"Fantas","article_modified_time":"2025-09-25T06:58:16+00:00","twitter_card":"summary_large_image","schema":{"@context":"https:\/\/schema.org","@graph":[{"@type":"WebPage","@id":"https:\/\/fantas.keyboart.lt\/en\/faq\/","url":"https:\/\/fantas.keyboart.lt\/en\/faq\/","name":"FAQ - Fantas","isPartOf":{"@id":"https:\/\/fantas.keyboart.lt\/en\/#website"},"datePublished":"2025-08-29T13:26:07+00:00","dateModified":"2025-09-25T06:58:16+00:00","breadcrumb":{"@id":"https:\/\/fantas.keyboart.lt\/en\/faq\/#breadcrumb"},"inLanguage":"en-US","potentialAction":[{"@type":"ReadAction","target":["https:\/\/fantas.keyboart.lt\/en\/faq\/"]}]},{"@type":"BreadcrumbList","@id":"https:\/\/fantas.keyboart.lt\/en\/faq\/#breadcrumb","itemListElement":[{"@type":"ListItem","position":1,"name":"Home","item":"https:\/\/fantas.keyboart.lt\/en\/"},{"@type":"ListItem","position":2,"name":"FAQ"}]},{"@type":"WebSite","@id":"https:\/\/fantas.keyboart.lt\/en\/#website","url":"https:\/\/fantas.keyboart.lt\/en\/","name":"Fantas","description":"Restauruojame automobili\u0173 salon\u0105","potentialAction":[{"@type":"SearchAction","target":{"@type":"EntryPoint","urlTemplate":"https:\/\/fantas.keyboart.lt\/en\/?s={search_term_string}"},"query-input":{"@type":"PropertyValueSpecification","valueRequired":true,"valueName":"search_term_string"}}],"inLanguage":"en-US"}]}},"_links":{"self":[{"href":"https:\/\/fantas.keyboart.lt\/en\/wp-json\/wp\/v2\/pages\/1140","targetHints":{"allow":["GET"]}}],"collection":[{"href":"https:\/\/fantas.keyboart.lt\/en\/wp-json\/wp\/v2\/pages"}],"about":[{"href":"https:\/\/fantas.keyboart.lt\/en\/wp-json\/wp\/v2\/types\/page"}],"author":[{"embeddable":true,"href":"https:\/\/fantas.keyboart.lt\/en\/wp-json\/wp\/v2\/users\/1"}],"replies":[{"embeddable":true,"href":"https:\/\/fantas.keyboart.lt\/en\/wp-json\/wp\/v2\/comments?post=1140"}],"version-history":[{"count":3,"href":"https:\/\/fantas.keyboart.lt\/en\/wp-json\/wp\/v2\/pages\/1140\/revisions"}],"predecessor-version":[{"id":1653,"href":"https:\/\/fantas.keyboart.lt\/en\/wp-json\/wp\/v2\/pages\/1140\/revisions\/1653"}],"wp:attachment":[{"href":"https:\/\/fantas.keyboart.lt\/en\/wp-json\/wp\/v2\/media?parent=1140"}],"curies":[{"name":"wp","href":"https:\/\/api.w.org\/{rel}","templated":true}]}}