{"id":1162,"date":"2025-08-29T16:26:19","date_gmt":"2025-08-29T13:26:19","guid":{"rendered":"https:\/\/fantas.keyboart.lt\/services\/automobiliai\/"},"modified":"2025-09-23T19:42:58","modified_gmt":"2025-09-23T16:42:58","slug":"automotive","status":"publish","type":"page","link":"https:\/\/fantas.keyboart.lt\/en\/services\/automotive\/","title":{"rendered":"Automotive"},"content":{"rendered":"<section class=\"l-section wpb_row height_medium\"><div class=\"l-section-h i-cf\"><div class=\"g-cols vc_row via_grid cols_1 laptops-cols_inherit tablets-cols_inherit mobiles-cols_1 valign_top type_default stacking_default\"><div class=\"wpb_column vc_column_container\"><div class=\"vc_column-inner\"><div class=\"wpb_text_column\"><div class=\"wpb_wrapper\"><p>We provide high-quality car interior restoration and upholstery services \u2013 from seats and steering wheels to convertible tops and custom trim elements. We specialize in both classic and modern car interiors, ensuring precision, durability, and flawless results. We work with certified materials and professional equipment, which allows us to offer solutions that meet the highest quality standards.<\/p>\n<\/div><\/div><\/div><\/div><\/div><\/div><\/section>\n","protected":false},"excerpt":{"rendered":"We provide high-quality car interior restoration and upholstery services \u2013 from seats and steering wheels to convertible tops and custom trim elements. We specialize in both classic and modern car interiors, ensuring precision, durability, and flawless results. We work with certified materials and professional equipment, which allows us to offer solutions that meet the highest...","protected":false},"author":1,"featured_media":1164,"parent":1156,"menu_order":0,"comment_status":"closed","ping_status":"closed","template":"","meta":{"_acf_changed":false,"footnotes":""},"class_list":["post-1162","page","type-page","status-publish","has-post-thumbnail","hentry"],"acf":[],"yoast_head":"<!-- This site is optimized with the Yoast SEO plugin v27.2 - https:\/\/yoast.com\/product\/yoast-seo-wordpress\/ -->\n<title>Automotive - Fantas<\/title>\n<meta name=\"robots\" content=\"noindex, follow, max-snippet:-1, max-image-preview:large, max-video-preview:-1\" \/>\n<meta property=\"og:locale\" content=\"en_US\" \/>\n<meta property=\"og:type\" content=\"article\" \/>\n<meta property=\"og:title\" content=\"Automotive - Fantas\" \/>\n<meta property=\"og:url\" content=\"https:\/\/fantas.keyboart.lt\/en\/services\/automotive\/\" \/>\n<meta property=\"og:site_name\" content=\"Fantas\" \/>\n<meta property=\"article:modified_time\" content=\"2025-09-23T16:42:58+00:00\" \/>\n<meta property=\"og:image\" content=\"https:\/\/fantas.keyboart.lt\/wp-content\/uploads\/IMG_1501-e1757058618308.jpg\" \/>\n\t<meta property=\"og:image:width\" content=\"1440\" \/>\n\t<meta property=\"og:image:height\" content=\"1920\" \/>\n\t<meta property=\"og:image:type\" content=\"image\/jpeg\" \/>\n<meta name=\"twitter:card\" content=\"summary_large_image\" \/>\n<script type=\"application\/ld+json\" class=\"yoast-schema-graph\">{\"@context\":\"https:\/\/schema.org\",\"@graph\":[{\"@type\":\"WebPage\",\"@id\":\"https:\/\/fantas.keyboart.lt\/en\/services\/automotive\/\",\"url\":\"https:\/\/fantas.keyboart.lt\/en\/services\/automotive\/\",\"name\":\"Automotive - Fantas\",\"isPartOf\":{\"@id\":\"https:\/\/fantas.keyboart.lt\/en\/#website\"},\"primaryImageOfPage\":{\"@id\":\"https:\/\/fantas.keyboart.lt\/en\/services\/automotive\/#primaryimage\"},\"image\":{\"@id\":\"https:\/\/fantas.keyboart.lt\/en\/services\/automotive\/#primaryimage\"},\"thumbnailUrl\":\"https:\/\/fantas.keyboart.lt\/wp-content\/uploads\/IMG_1501-e1757058618308.jpg\",\"datePublished\":\"2025-08-29T13:26:19+00:00\",\"dateModified\":\"2025-09-23T16:42:58+00:00\",\"breadcrumb\":{\"@id\":\"https:\/\/fantas.keyboart.lt\/en\/services\/automotive\/#breadcrumb\"},\"inLanguage\":\"en-US\",\"potentialAction\":[{\"@type\":\"ReadAction\",\"target\":[\"https:\/\/fantas.keyboart.lt\/en\/services\/automotive\/\"]}]},{\"@type\":\"ImageObject\",\"inLanguage\":\"en-US\",\"@id\":\"https:\/\/fantas.keyboart.lt\/en\/services\/automotive\/#primaryimage\",\"url\":\"https:\/\/fantas.keyboart.lt\/wp-content\/uploads\/IMG_1501-e1757058618308.jpg\",\"contentUrl\":\"https:\/\/fantas.keyboart.lt\/wp-content\/uploads\/IMG_1501-e1757058618308.jpg\",\"width\":1440,\"height\":1920,\"caption\":\"Kokybi\u0161kas automobili\u0173 interjero, bald\u0173 ir kit\u0173 siuvimo darb\u0173 paslaugos Kaune\"},{\"@type\":\"BreadcrumbList\",\"@id\":\"https:\/\/fantas.keyboart.lt\/en\/services\/automotive\/#breadcrumb\",\"itemListElement\":[{\"@type\":\"ListItem\",\"position\":1,\"name\":\"Home\",\"item\":\"https:\/\/fantas.keyboart.lt\/en\/\"},{\"@type\":\"ListItem\",\"position\":2,\"name\":\"Services\",\"item\":\"https:\/\/fantas.keyboart.lt\/en\/paslaugos\/\"},{\"@type\":\"ListItem\",\"position\":3,\"name\":\"Automotive\"}]},{\"@type\":\"WebSite\",\"@id\":\"https:\/\/fantas.keyboart.lt\/en\/#website\",\"url\":\"https:\/\/fantas.keyboart.lt\/en\/\",\"name\":\"Fantas\",\"description\":\"Restauruojame automobili\u0173 salon\u0105\",\"potentialAction\":[{\"@type\":\"SearchAction\",\"target\":{\"@type\":\"EntryPoint\",\"urlTemplate\":\"https:\/\/fantas.keyboart.lt\/en\/?s={search_term_string}\"},\"query-input\":{\"@type\":\"PropertyValueSpecification\",\"valueRequired\":true,\"valueName\":\"search_term_string\"}}],\"inLanguage\":\"en-US\"}]}<\/script>\n<!-- \/ Yoast SEO plugin. -->","yoast_head_json":{"title":"Automotive - Fantas","robots":{"index":"noindex","follow":"follow","max-snippet":"max-snippet:-1","max-image-preview":"max-image-preview:large","max-video-preview":"max-video-preview:-1"},"og_locale":"en_US","og_type":"article","og_title":"Automotive - Fantas","og_url":"https:\/\/fantas.keyboart.lt\/en\/services\/automotive\/","og_site_name":"Fantas","article_modified_time":"2025-09-23T16:42:58+00:00","og_image":[{"width":1440,"height":1920,"url":"https:\/\/fantas.keyboart.lt\/wp-content\/uploads\/IMG_1501-e1757058618308.jpg","type":"image\/jpeg"}],"twitter_card":"summary_large_image","schema":{"@context":"https:\/\/schema.org","@graph":[{"@type":"WebPage","@id":"https:\/\/fantas.keyboart.lt\/en\/services\/automotive\/","url":"https:\/\/fantas.keyboart.lt\/en\/services\/automotive\/","name":"Automotive - Fantas","isPartOf":{"@id":"https:\/\/fantas.keyboart.lt\/en\/#website"},"primaryImageOfPage":{"@id":"https:\/\/fantas.keyboart.lt\/en\/services\/automotive\/#primaryimage"},"image":{"@id":"https:\/\/fantas.keyboart.lt\/en\/services\/automotive\/#primaryimage"},"thumbnailUrl":"https:\/\/fantas.keyboart.lt\/wp-content\/uploads\/IMG_1501-e1757058618308.jpg","datePublished":"2025-08-29T13:26:19+00:00","dateModified":"2025-09-23T16:42:58+00:00","breadcrumb":{"@id":"https:\/\/fantas.keyboart.lt\/en\/services\/automotive\/#breadcrumb"},"inLanguage":"en-US","potentialAction":[{"@type":"ReadAction","target":["https:\/\/fantas.keyboart.lt\/en\/services\/automotive\/"]}]},{"@type":"ImageObject","inLanguage":"en-US","@id":"https:\/\/fantas.keyboart.lt\/en\/services\/automotive\/#primaryimage","url":"https:\/\/fantas.keyboart.lt\/wp-content\/uploads\/IMG_1501-e1757058618308.jpg","contentUrl":"https:\/\/fantas.keyboart.lt\/wp-content\/uploads\/IMG_1501-e1757058618308.jpg","width":1440,"height":1920,"caption":"Kokybi\u0161kas automobili\u0173 interjero, bald\u0173 ir kit\u0173 siuvimo darb\u0173 paslaugos Kaune"},{"@type":"BreadcrumbList","@id":"https:\/\/fantas.keyboart.lt\/en\/services\/automotive\/#breadcrumb","itemListElement":[{"@type":"ListItem","position":1,"name":"Home","item":"https:\/\/fantas.keyboart.lt\/en\/"},{"@type":"ListItem","position":2,"name":"Services","item":"https:\/\/fantas.keyboart.lt\/en\/paslaugos\/"},{"@type":"ListItem","position":3,"name":"Automotive"}]},{"@type":"WebSite","@id":"https:\/\/fantas.keyboart.lt\/en\/#website","url":"https:\/\/fantas.keyboart.lt\/en\/","name":"Fantas","description":"Restauruojame automobili\u0173 salon\u0105","potentialAction":[{"@type":"SearchAction","target":{"@type":"EntryPoint","urlTemplate":"https:\/\/fantas.keyboart.lt\/en\/?s={search_term_string}"},"query-input":{"@type":"PropertyValueSpecification","valueRequired":true,"valueName":"search_term_string"}}],"inLanguage":"en-US"}]}},"_links":{"self":[{"href":"https:\/\/fantas.keyboart.lt\/en\/wp-json\/wp\/v2\/pages\/1162","targetHints":{"allow":["GET"]}}],"collection":[{"href":"https:\/\/fantas.keyboart.lt\/en\/wp-json\/wp\/v2\/pages"}],"about":[{"href":"https:\/\/fantas.keyboart.lt\/en\/wp-json\/wp\/v2\/types\/page"}],"author":[{"embeddable":true,"href":"https:\/\/fantas.keyboart.lt\/en\/wp-json\/wp\/v2\/users\/1"}],"replies":[{"embeddable":true,"href":"https:\/\/fantas.keyboart.lt\/en\/wp-json\/wp\/v2\/comments?post=1162"}],"version-history":[{"count":4,"href":"https:\/\/fantas.keyboart.lt\/en\/wp-json\/wp\/v2\/pages\/1162\/revisions"}],"predecessor-version":[{"id":1172,"href":"https:\/\/fantas.keyboart.lt\/en\/wp-json\/wp\/v2\/pages\/1162\/revisions\/1172"}],"up":[{"embeddable":true,"href":"https:\/\/fantas.keyboart.lt\/en\/wp-json\/wp\/v2\/pages\/1156"}],"wp:featuredmedia":[{"embeddable":true,"href":"https:\/\/fantas.keyboart.lt\/en\/wp-json\/wp\/v2\/media\/1164"}],"wp:attachment":[{"href":"https:\/\/fantas.keyboart.lt\/en\/wp-json\/wp\/v2\/media?parent=1162"}],"curies":[{"name":"wp","href":"https:\/\/api.w.org\/{rel}","templated":true}]}}